{"id":924,"date":"2018-05-31T08:55:35","date_gmt":"2018-05-31T08:55:35","guid":{"rendered":"http:\/\/galeriacromo.com\/politica-de-cookies\/"},"modified":"2018-05-31T08:55:35","modified_gmt":"2018-05-31T08:55:35","slug":"politica-de-cookies","status":"publish","type":"page","link":"https:\/\/galeriacromo.com\/ca\/politica-de-cookies\/","title":{"rendered":"Pol\u00edtica de Cookies"},"content":{"rendered":"<div class=\"newest-shop-page-container\">\n<div class=\"project-new-content\">\n<p>En la presente pol\u00edtica de cookies, el t\u00e9rmino \u201calmacenamiento local de datos\u201d se utiliza como t\u00e9rmino colectivo para cookies, web beacons y otra tecnolog\u00eda de almacenamiento local de datos similar.<\/p>\n<p>En este sentido, el almacenamiento local de datos implica almacenar diferentes tipos de datos localmente en tu dispositivo a trav\u00e9s de tu navegador web. Los datos almacenados localmente pueden, por ejemplo, contener la configuraci\u00f3n del usuario, informaci\u00f3n sobre c\u00f3mo navega por este sitio web y qu\u00e9 navegador web utiliza.<\/p>\n<p>Un m\u00e9todo de almacenamiento local de datos son las cookies. Las cookies son peque\u00f1os archivos de texto que se almacenan en tu dispositivo (PC, tel\u00e9fono m\u00f3vil o tablet) que nos permiten reconocer tu navegador web. Las cookies contienen informaci\u00f3n principalmente sobre tu navegador web y sobre cualquier actividad que se ha producido en \u00e9l.<\/p>\n<p>Adem\u00e1s del almacenamiento local de datos, podemos utilizar otra tecnolog\u00eda similar, como web beacons (o balizas web)\/pixel tags (o etiquetas de p\u00edxel). Esta tecnolog\u00eda reconoce las cookies y los identificadores, y permite a terceros establecer cookies en tu dispositivo.<\/p>\n<p>Los datos almacenados localmente pueden ser utilizados para facilitarte la navegaci\u00f3n en nuestro site, para recordar tus preferencias de navegaci\u00f3n, as\u00ed como para proporcionarnos estad\u00edsticas y an\u00e1lisis relativos al uso del site con la finalidad de mejorar su uso.<\/p>\n<p>Utilizamos el almacenamiento local de datos nosotros mismos, y permitimos a nuestros proveedores que lo utilicen cuando nos prestan sus servicios. Estos proveedores est\u00e1n sujetos a acuerdos de encargados del tratamiento de datos, y no se les permite utilizar los datos para fines que no sean proporcionar el servicio que hemos solicitado.<\/p>\n<p>Puedes ajustar la configuraci\u00f3n en tu navegador web o utilizar programas especiales que han sido desarrollados para gestionar cookies.<\/p>\n<p>La configuraci\u00f3n en tu navegador web normalmente muestra una lista de todas las cookies que han sido almacenadas para proporcionarle una visi\u00f3n general y, si lo deseas, para eliminar las cookies no deseadas. Normalmente, puedes indicar que aceptas el almacenamiento de cookies de los sitios web que visitas o de terceros afiliados a dichos sitios web. Tambi\u00e9n puedes escoger ser notificado cada vez que se almacena una nueva cookie. Se proporciona a continuaci\u00f3n orientaci\u00f3n sobre c\u00f3mo hacer esto en diferentes navegadores web. Tu navegador web almacena normalmente cookies en una carpeta espec\u00edfica en tu disco duro, de forma que pueda examinar tambi\u00e9n el contenido con m\u00e1s detalle.<\/p>\n<p>A continuaci\u00f3n, publicamos una relaci\u00f3n de las principales cookies utilizadas en nuestra web<\/p>\n<p>Para suministrar y adaptar nuestros servicios<\/p>\n<p>Responsable Nombre Descripci\u00f3n<\/p>\n<p>Para an\u00e1lisis y mejoras funcionales<\/p>\n<p>Responsable Nombre Descripci\u00f3n<\/p>\n<p>\u2026\u2026Enumerar todos lo tipos de cookies que utiliza el empresa.<\/p>\n<p>Sin embargo, las cookies que est\u00e1n presentes en site pueden cambiar con frecuencia, y no todas las cookies son igual de importantes. Por consiguiente, el site actualizar\u00e1 con regularidad la lista de qu\u00e9 cookies est\u00e1n disponibles.<\/p>\n<p>Asimismo, hay disponibles servicios que han sido desarrollados especialmente para proporcionar a los usuarios una lista actualizada de cookies y otros mecanismos de seguimiento. Puedes ver varios ejemplos en www.ghostery.com o www.disconnect.me<\/p>\n<p>Ten en cuenta que la desactivaci\u00f3n de cookies del site puede impedir que \u00e9ste funcione adecuadamente. Por ejemplo, puede que tengas que iniciar sesi\u00f3n cada vez que nos visites.<\/p>\n<p>A continuaci\u00f3n, se presenta un resumen de c\u00f3mo los datos almacenados localmente pueden ser gestionados en diferentes navegadores web. Ten en cuenta que este proceso puede cambiar y que las descripciones dadas aqu\u00ed pueden no estar actualizadas.<\/p>\n<p>&nbsp;<\/p>\n<h4>Gesti\u00f3n de cookies en Google Chrome<\/h4>\n<p>C\u00f3mo eliminar cookies:<\/p>\n<p>1. Ves a Configuraci\u00f3n en el men\u00fa de su navegador.<\/p>\n<p>2. Haz clic en Mostrar configuraci\u00f3n avanzada.<\/p>\n<p>3. Haz clic en Eliminar datos de navegaci\u00f3n.<\/p>\n<p>4. Selecciona el per\u00edodo de tiempo para el que deseas eliminar la informaci\u00f3n en el men\u00fa en la parte superior. Si deseas eliminar todas las cookies en el navegador, haz clic en Desde el origen de los tiempos.<\/p>\n<p>5. Marca Cookies y otros datos de sitios y complementos.<\/p>\n<p>6. Haz clic en Borrar datos de navegaci\u00f3n.<\/p>\n<p>7. Cierra la ventana.<\/p>\n<p>C\u00f3mo evitar que las cookies se almacenen en tu navegador web:<\/p>\n<p>1. Ves a Configuraci\u00f3n en el men\u00fa de tu navegador.<\/p>\n<p>2. Haz clic en Mostrar configuraci\u00f3n avanzada y despu\u00e9s haz clic en Configuraci\u00f3n de contenido.<\/p>\n<p>3. En Cookies, selecciona tu opci\u00f3n preferida. Si desea evitar que todas las cookies se almacenen, haga clic en No permitir que se guarden datos de los sitios.<\/p>\n<p>4. Haz clic en Hecho.<\/p>\n<p>5. Cierra la ventana.<\/p>\n<p>&nbsp;<\/p>\n<h4>Gesti\u00f3n de cookies en Safari<\/h4>\n<p>C\u00f3mo eliminar cookies:<\/p>\n<p>1. Ir a Preferencias en el men\u00fa de su navegador.<\/p>\n<p>2. Haz clic en la pesta\u00f1a Privacidad.<\/p>\n<p>3. Haz clic en Eliminar todos los datos de los sitios web y despu\u00e9s haz clic en Eliminar para eliminar todas las cookies.<\/p>\n<p>4. Cierra la ventana.<\/p>\n<p>C\u00f3mo evitar que las cookies se almacenen en tu navegador web:<\/p>\n<p>1. Ir a Preferencias en el men\u00fa de tu navegador.<\/p>\n<p>2. Haz clic en la pesta\u00f1a Privacidad.<\/p>\n<p>3. En Cookies y datos de sitios web selecciona tu opci\u00f3n preferida. Si deseas evitar que todas las cookies se almacenen, haz clic en Bloquear siempre.<\/p>\n<p>4. Cierra la ventana.<\/p>\n<p>Gesti\u00f3n de cookies en Mozilla Firefox<\/p>\n<p>C\u00f3mo eliminar cookies:<\/p>\n<p>1. Ir a Opciones en el men\u00fa de su navegador.<\/p>\n<p>2. Haz clic en la pesta\u00f1a Privacidad.<\/p>\n<p>3. Haz clic en Mostrar cookies.<\/p>\n<p>4. Selecciona las cookies que deseas eliminar y haz clic en Eliminar seleccionadas. Haz clic en Eliminar todas si deseas eliminar todas las cookies en tu navegador web.<\/p>\n<p>5. Cierra la ventana. Cualquier cambio que hayas hecho se guardar\u00e1 autom\u00e1ticamente.<\/p>\n<p>C\u00f3mo evitar que las cookies se almacenen en tu navegador web:<\/p>\n<p>1. Ir a Configuraci\u00f3n en el men\u00fa de tu navegador.<\/p>\n<p>2. Selecciona la pesta\u00f1a Privacidad.<\/p>\n<p>3. En Historial, haz clic en Usar una configuraci\u00f3n personalizada para el historial.<\/p>\n<p>4. Selecciona tus opciones preferidas en Permitir cookies de sitios web. Si deseas evitar que todas las cookies se almacenen, desactiva la casilla Aceptar cookies de sitios web.<\/p>\n<p>5. Cierra la ventana. Cualquier cambio que hayas hecho se guardar\u00e1 autom\u00e1ticamente.<\/p>\n<p>&nbsp;<\/p>\n<h4>Gesti\u00f3n de cookies en Internet Explorer<\/h4>\n<p>C\u00f3mo eliminar cookies:<\/p>\n<p>1. Ir a Herramientas (icono de rueda dentada) en el men\u00fa de tu navegador.<\/p>\n<p>2. Haz clic en Propiedades de Internet.<\/p>\n<p>3. En la pesta\u00f1a General \u2013 Historial de navegaci\u00f3n, haz clic en Eliminar.<\/p>\n<p>4. Asegurate de marcar la opci\u00f3n Cookies y datos de sitios web.<\/p>\n<p>5. Haz clic en Eliminar.<\/p>\n<p>6. Haz clic en OK.<\/p>\n<p>C\u00f3mo evitar que las cookies se almacenen en tu navegador web:<\/p>\n<p>1. Ir a Herramientas (icono de rueda dentada) en el men\u00fa de tu navegador.<\/p>\n<p>2. Haz clic en Opciones de Internet y despu\u00e9s haz clic en la pesta\u00f1a Privacidad.<\/p>\n<p>3. Mueve la barra deslizante al nivel deseado. Si deseas evitar que todas las cookies se almacenen, selecciona el nivel Bloquear todas las cookies.<\/p>\n<p>4. Haz clic en OK.<\/p>\n<\/div>\n<\/div>\n","protected":false},"excerpt":{"rendered":"<p>En la presente pol\u00edtica de cookies, el t\u00e9rmino \u201calmacenamiento local de datos\u201d se utiliza como t\u00e9rmino colectivo para cookies, web beacons y otra tecnolog\u00eda de almacenamiento local de datos similar. En este sentido, el almacenamiento local de datos implica almacenar diferentes tipos de datos localmente en tu dispositivo a trav\u00e9s de tu navegador web. Los [&hellip;]<\/p>\n","protected":false},"author":1,"featured_media":0,"parent":0,"menu_order":0,"comment_status":"closed","ping_status":"closed","template":"","meta":{"_acf_changed":false,"footnotes":""},"class_list":["post-924","page","type-page","status-publish","hentry"],"acf":[],"yoast_head":"<!-- This site is optimized with the Yoast SEO plugin v27.5 - https:\/\/yoast.com\/product\/yoast-seo-wordpress\/ -->\n<title>Pol\u00edtica de Cookies - Galeria Cromo<\/title>\n<meta name=\"robots\" content=\"index, follow, max-snippet:-1, max-image-preview:large, max-video-preview:-1\" \/>\n<link rel=\"canonical\" href=\"https:\/\/galeriacromo.com\/ca\/politica-de-cookies\/\" \/>\n<meta property=\"og:locale\" content=\"ca_ES\" \/>\n<meta property=\"og:type\" content=\"article\" \/>\n<meta property=\"og:title\" content=\"Pol\u00edtica de Cookies - Galeria Cromo\" \/>\n<meta property=\"og:description\" content=\"En la presente pol\u00edtica de cookies, el t\u00e9rmino \u201calmacenamiento local de datos\u201d se utiliza como t\u00e9rmino colectivo para cookies, web beacons y otra tecnolog\u00eda de almacenamiento local de datos similar. En este sentido, el almacenamiento local de datos implica almacenar diferentes tipos de datos localmente en tu dispositivo a trav\u00e9s de tu navegador web. Los [&hellip;]\" \/>\n<meta property=\"og:url\" content=\"https:\/\/galeriacromo.com\/ca\/politica-de-cookies\/\" \/>\n<meta property=\"og:site_name\" content=\"Galeria Cromo\" \/>\n<meta name=\"twitter:card\" content=\"summary_large_image\" \/>\n<meta name=\"twitter:label1\" content=\"Temps estimat de lectura\" \/>\n\t<meta name=\"twitter:data1\" content=\"6 minuts\" \/>\n<script type=\"application\/ld+json\" class=\"yoast-schema-graph\">{\"@context\":\"https:\\\/\\\/schema.org\",\"@graph\":[{\"@type\":\"WebPage\",\"@id\":\"https:\\\/\\\/galeriacromo.com\\\/ca\\\/politica-de-cookies\\\/\",\"url\":\"https:\\\/\\\/galeriacromo.com\\\/ca\\\/politica-de-cookies\\\/\",\"name\":\"Pol\u00edtica de Cookies - Galeria Cromo\",\"isPartOf\":{\"@id\":\"https:\\\/\\\/galeriacromo.com\\\/ca\\\/#website\"},\"datePublished\":\"2018-05-31T08:55:35+00:00\",\"breadcrumb\":{\"@id\":\"https:\\\/\\\/galeriacromo.com\\\/ca\\\/politica-de-cookies\\\/#breadcrumb\"},\"inLanguage\":\"ca\",\"potentialAction\":[{\"@type\":\"ReadAction\",\"target\":[\"https:\\\/\\\/galeriacromo.com\\\/ca\\\/politica-de-cookies\\\/\"]}]},{\"@type\":\"BreadcrumbList\",\"@id\":\"https:\\\/\\\/galeriacromo.com\\\/ca\\\/politica-de-cookies\\\/#breadcrumb\",\"itemListElement\":[{\"@type\":\"ListItem\",\"position\":1,\"name\":\"Portada\",\"item\":\"https:\\\/\\\/galeriacromo.com\\\/ca\\\/\"},{\"@type\":\"ListItem\",\"position\":2,\"name\":\"Pol\u00edtica de Cookies\"}]},{\"@type\":\"WebSite\",\"@id\":\"https:\\\/\\\/galeriacromo.com\\\/ca\\\/#website\",\"url\":\"https:\\\/\\\/galeriacromo.com\\\/ca\\\/\",\"name\":\"Galeria Cromo\",\"description\":\"Riera de Sant Miquel, 16 08023 Barcelona\",\"potentialAction\":[{\"@type\":\"SearchAction\",\"target\":{\"@type\":\"EntryPoint\",\"urlTemplate\":\"https:\\\/\\\/galeriacromo.com\\\/ca\\\/?s={search_term_string}\"},\"query-input\":{\"@type\":\"PropertyValueSpecification\",\"valueRequired\":true,\"valueName\":\"search_term_string\"}}],\"inLanguage\":\"ca\"}]}<\/script>\n<!-- \/ Yoast SEO plugin. -->","yoast_head_json":{"title":"Pol\u00edtica de Cookies - Galeria Cromo","robots":{"index":"index","follow":"follow","max-snippet":"max-snippet:-1","max-image-preview":"max-image-preview:large","max-video-preview":"max-video-preview:-1"},"canonical":"https:\/\/galeriacromo.com\/ca\/politica-de-cookies\/","og_locale":"ca_ES","og_type":"article","og_title":"Pol\u00edtica de Cookies - Galeria Cromo","og_description":"En la presente pol\u00edtica de cookies, el t\u00e9rmino \u201calmacenamiento local de datos\u201d se utiliza como t\u00e9rmino colectivo para cookies, web beacons y otra tecnolog\u00eda de almacenamiento local de datos similar. En este sentido, el almacenamiento local de datos implica almacenar diferentes tipos de datos localmente en tu dispositivo a trav\u00e9s de tu navegador web. Los [&hellip;]","og_url":"https:\/\/galeriacromo.com\/ca\/politica-de-cookies\/","og_site_name":"Galeria Cromo","twitter_card":"summary_large_image","twitter_misc":{"Temps estimat de lectura":"6 minuts"},"schema":{"@context":"https:\/\/schema.org","@graph":[{"@type":"WebPage","@id":"https:\/\/galeriacromo.com\/ca\/politica-de-cookies\/","url":"https:\/\/galeriacromo.com\/ca\/politica-de-cookies\/","name":"Pol\u00edtica de Cookies - Galeria Cromo","isPartOf":{"@id":"https:\/\/galeriacromo.com\/ca\/#website"},"datePublished":"2018-05-31T08:55:35+00:00","breadcrumb":{"@id":"https:\/\/galeriacromo.com\/ca\/politica-de-cookies\/#breadcrumb"},"inLanguage":"ca","potentialAction":[{"@type":"ReadAction","target":["https:\/\/galeriacromo.com\/ca\/politica-de-cookies\/"]}]},{"@type":"BreadcrumbList","@id":"https:\/\/galeriacromo.com\/ca\/politica-de-cookies\/#breadcrumb","itemListElement":[{"@type":"ListItem","position":1,"name":"Portada","item":"https:\/\/galeriacromo.com\/ca\/"},{"@type":"ListItem","position":2,"name":"Pol\u00edtica de Cookies"}]},{"@type":"WebSite","@id":"https:\/\/galeriacromo.com\/ca\/#website","url":"https:\/\/galeriacromo.com\/ca\/","name":"Galeria Cromo","description":"Riera de Sant Miquel, 16 08023 Barcelona","potentialAction":[{"@type":"SearchAction","target":{"@type":"EntryPoint","urlTemplate":"https:\/\/galeriacromo.com\/ca\/?s={search_term_string}"},"query-input":{"@type":"PropertyValueSpecification","valueRequired":true,"valueName":"search_term_string"}}],"inLanguage":"ca"}]}},"_links":{"self":[{"href":"https:\/\/galeriacromo.com\/ca\/wp-json\/wp\/v2\/pages\/924","targetHints":{"allow":["GET"]}}],"collection":[{"href":"https:\/\/galeriacromo.com\/ca\/wp-json\/wp\/v2\/pages"}],"about":[{"href":"https:\/\/galeriacromo.com\/ca\/wp-json\/wp\/v2\/types\/page"}],"author":[{"embeddable":true,"href":"https:\/\/galeriacromo.com\/ca\/wp-json\/wp\/v2\/users\/1"}],"replies":[{"embeddable":true,"href":"https:\/\/galeriacromo.com\/ca\/wp-json\/wp\/v2\/comments?post=924"}],"version-history":[{"count":0,"href":"https:\/\/galeriacromo.com\/ca\/wp-json\/wp\/v2\/pages\/924\/revisions"}],"wp:attachment":[{"href":"https:\/\/galeriacromo.com\/ca\/wp-json\/wp\/v2\/media?parent=924"}],"curies":[{"name":"wp","href":"https:\/\/api.w.org\/{rel}","templated":true}]}}