{"id":926,"date":"2018-05-31T08:52:33","date_gmt":"2018-05-31T08:52:33","guid":{"rendered":"http:\/\/galeriacromo.com\/politica-de-privacidad\/"},"modified":"2018-05-31T08:52:33","modified_gmt":"2018-05-31T08:52:33","slug":"politica-de-privacidad","status":"publish","type":"page","link":"https:\/\/galeriacromo.com\/ca\/politica-de-privacidad\/","title":{"rendered":"Pol\u00edtica de privacidad y aviso legal"},"content":{"rendered":"<h3>Pol\u00edtica de privacidad:<\/h3>\n<p>A trav\u00e9s de este sitio web no se recaban datos de car\u00e1cter personal de los usuarios sin su conocimiento, ni se ceden a terceros.<\/p>\n<p>Con la finalidad de ofrecerle el mejor servicio y con el objeto de facilitar el uso, se analizan el n\u00famero de p\u00e1ginas visitadas, el n\u00famero de visitas, as\u00ed como la actividad de los visitantes y su frecuencia de utilizaci\u00f3n. A estos efectos, CR 24 Cromo SLU (en adelante Galer\u00eda Cromo) utiliza la informaci\u00f3n estad\u00edstica elaborada por el Proveedor de Servicios de Internet. Se informa de la utilizaci\u00f3n de Google Analytics, con fines exclusivamente estad\u00edsticos.<\/p>\n<p>Galer\u00eda Cromo no utiliza cookies para recoger informaci\u00f3n de los usuarios, ni registra las direcciones IP de acceso. \u00danicamente se utilizan cookies propias,\u00a0de sesi\u00f3n, con finalidad t\u00e9cnica (aquellas que permiten al usuario la navegaci\u00f3n a trav\u00e9s del sitio web y la utilizaci\u00f3n de las diferentes opciones y servicios que en ella existen).<\/p>\n<p>El portal del que es titular Galer\u00eda Cromo contiene enlaces a sitios web de terceros, cuyas pol\u00edticas de privacidad son ajenas a la de Galer\u00eda Cromo. Al acceder a tales sitios web usted puede decidir si acepta sus pol\u00edticas de privacidad y de cookies. Con car\u00e1cter general, si navega por internet usted puede aceptar o rechazar las cookies de terceros desde las opciones de configuraci\u00f3n de su navegador.<\/p>\n<p>En cumplimiento de lo previsto por el art\u00edculo 5 de la LOPD, se informa que los datos de car\u00e1cter personal que se recaban directamente del usuario a trav\u00e9s de los distintos recursos disponibles en el portal, ser\u00e1n tratados de forma confidencial y quedar\u00e1n incorporados a los respectivos ficheros de los que es responsable Galer\u00eda Cromo, con las finalidades que se detallan en el Registro General de Protecci\u00f3n de Datos de la Agencia Espa\u00f1ola de Protecci\u00f3n de Datos.<\/p>\n<p>Los afectados pueden ejercitar los derechos de acceso, rectificaci\u00f3n, cancelaci\u00f3n y oposici\u00f3n ante Galer\u00eda Cromo mediante escrito dirigido a su Sede Social, en la calle Riera de Sant Miquel 27 Local 1, 08006, Barcelona. Tambi\u00e9n mediante un correo electr\u00f3nico a la direcci\u00f3n <a href=\"mailto:info@galeriacromo.com\">info@galeriacromo.com<\/a>.<\/p>\n<h3>\u00a0 Aviso legal:<\/h3>\n<p>Este portal, cuyo titular es CR 24 Cromo SLU (en adelante Galer\u00eda Cromo), con NIF B66290610, domicilio en la calle Riera de Sant Miquel n\u00ba27 Local 1, 08006 Barcelona, tel\u00e9fono 609494087, e inscrito en el Registro Mercantil de Barcelona tomo 44307 folio 157 hoja n\u00famero 452301 inscripci\u00f3n 1\u00aa, est\u00e1 constituido por los sitios web asociados al dominio galeriacromo.com.<\/p>\n<p>Propiedad intelectual e industrial<\/p>\n<p>El dise\u00f1o del portal y sus c\u00f3digos fuente, as\u00ed como los logos, marcas y dem\u00e1s signos distintivos que aparecen en el mismo pertenecen a Galer\u00eda Cromo y est\u00e1n protegidos por los correspondientes derechos de propiedad intelectual e industrial.<\/p>\n<p>Su uso, reproducci\u00f3n, distribuci\u00f3n, comunicaci\u00f3n p\u00fablica, transformaci\u00f3n o cualquier otra actividad similar o an\u00e1loga, queda totalmente prohibida salvo que medie expresa autorizaci\u00f3n de la Galer\u00eda Cromo. La licencia de uso de cualquier contenido de este Portal otorgada al usuario se limita a la descarga por parte del usuario de dicho contenido y el uso privado del mismo, siempre que los citados contenidos permanezcan \u00edntegros.<\/p>\n<p>&nbsp;<\/p>\n<h4>Responsabilidad de los contenidos<\/h4>\n<p>Galer\u00eda Cromo no se hace responsable de la legalidad de otros sitios web de terceros desde los que pueda accederse al portal. Galer\u00eda Cromo tampoco responde por la legalidad de otros sitios web de terceros, que pudieran estar vinculados o enlazados desde este portal.<\/p>\n<p>Galer\u00eda Cromo se reserva el derecho a realizar cambios en el sitio web sin previo aviso, al objeto de mantener actualizada su informaci\u00f3n, a\u00f1adiendo, modificando, corrigiendo o eliminando tanto los contenidos publicados como el dise\u00f1o del portal.<\/p>\n<p>Galer\u00eda Cromo no ser\u00e1 responsable del uso que terceros hagan de la informaci\u00f3n publicada en el portal, ni tampoco de los da\u00f1os sufridos o p\u00e9rdidas econ\u00f3micas que, de forma directa o indirecta, produzcan o puedan producir perjuicios econ\u00f3micos, materiales o sobre datos, provocados por el uso de dicha informaci\u00f3n.<\/p>\n<h4>Reproducci\u00f3n de contenidos<\/h4>\n<p>Se proh\u00edbe la reproducci\u00f3n total o parcial de los contenidos publicados en el portal.<\/p>\n<h4>Frames<\/h4>\n<p>Galer\u00eda Cromo proh\u00edbe expresamente la realizaci\u00f3n de <span lang=\"en\">&#8220;frammings&#8221;<\/span> o la utilizaci\u00f3n por parte de terceros de cualesquiera otros mecanismos que alteren el dise\u00f1o, configuraci\u00f3n original o contenidos de su portal o portales bajo su titularidad.<\/p>\n<h4>Multilengua<\/h4>\n<p>El portal web de la Galer\u00eda Cromo est\u00e1 traducido a varias lenguas. Las lenguas del portal son catal\u00e1n, castellano e ingl\u00e9s.<\/p>\n<p>El contenido del portal est\u00e1 traducido a diferentes niveles de profundidad. Se excluyen de la traducci\u00f3n las normas jur\u00eddicas (pol\u00edticas de privacidad y aviso legal).<\/p>\n<p>Se advierte que con car\u00e1cter general, puede existir un desfase entre la versi\u00f3n en castellano y en las otras lenguas, derivadas del proceso de traducci\u00f3n a las mismas.<\/p>\n<h4>Ley aplicable<\/h4>\n<p>La ley aplicable en caso de disputa o conflicto de interpretaci\u00f3n de los t\u00e9rminos que conforman este aviso legal, as\u00ed como cualquier cuesti\u00f3n relacionada con los servicios del presente portal, ser\u00e1 la ley espa\u00f1ola.<\/p>\n","protected":false},"excerpt":{"rendered":"<p>Pol\u00edtica de privacidad: A trav\u00e9s de este sitio web no se recaban datos de car\u00e1cter personal de los usuarios sin su conocimiento, ni se ceden a terceros. Con la finalidad de ofrecerle el mejor servicio y con el objeto de facilitar el uso, se analizan el n\u00famero de p\u00e1ginas visitadas, el n\u00famero de visitas, as\u00ed [&hellip;]<\/p>\n","protected":false},"author":1,"featured_media":0,"parent":0,"menu_order":0,"comment_status":"closed","ping_status":"closed","template":"","meta":{"_acf_changed":false,"footnotes":""},"class_list":["post-926","page","type-page","status-publish","hentry"],"acf":[],"yoast_head":"<!-- This site is optimized with the Yoast SEO plugin v27.2 - https:\/\/yoast.com\/product\/yoast-seo-wordpress\/ -->\n<title>Pol\u00edtica de privacidad y aviso legal - Galeria Cromo<\/title>\n<meta name=\"robots\" content=\"index, follow, max-snippet:-1, max-image-preview:large, max-video-preview:-1\" \/>\n<link rel=\"canonical\" href=\"https:\/\/galeriacromo.com\/ca\/politica-de-privacidad\/\" \/>\n<meta property=\"og:locale\" content=\"ca_ES\" \/>\n<meta property=\"og:type\" content=\"article\" \/>\n<meta property=\"og:title\" content=\"Pol\u00edtica de privacidad y aviso legal - Galeria Cromo\" \/>\n<meta property=\"og:description\" content=\"Pol\u00edtica de privacidad: A trav\u00e9s de este sitio web no se recaban datos de car\u00e1cter personal de los usuarios sin su conocimiento, ni se ceden a terceros. Con la finalidad de ofrecerle el mejor servicio y con el objeto de facilitar el uso, se analizan el n\u00famero de p\u00e1ginas visitadas, el n\u00famero de visitas, as\u00ed [&hellip;]\" \/>\n<meta property=\"og:url\" content=\"https:\/\/galeriacromo.com\/ca\/politica-de-privacidad\/\" \/>\n<meta property=\"og:site_name\" content=\"Galeria Cromo\" \/>\n<meta name=\"twitter:card\" content=\"summary_large_image\" \/>\n<meta name=\"twitter:label1\" content=\"Temps estimat de lectura\" \/>\n\t<meta name=\"twitter:data1\" content=\"4 minuts\" \/>\n<script type=\"application\/ld+json\" class=\"yoast-schema-graph\">{\"@context\":\"https:\/\/schema.org\",\"@graph\":[{\"@type\":\"WebPage\",\"@id\":\"https:\/\/galeriacromo.com\/ca\/politica-de-privacidad\/\",\"url\":\"https:\/\/galeriacromo.com\/ca\/politica-de-privacidad\/\",\"name\":\"Pol\u00edtica de privacidad y aviso legal - Galeria Cromo\",\"isPartOf\":{\"@id\":\"https:\/\/galeriacromo.com\/ca\/#website\"},\"datePublished\":\"2018-05-31T08:52:33+00:00\",\"breadcrumb\":{\"@id\":\"https:\/\/galeriacromo.com\/ca\/politica-de-privacidad\/#breadcrumb\"},\"inLanguage\":\"ca\",\"potentialAction\":[{\"@type\":\"ReadAction\",\"target\":[\"https:\/\/galeriacromo.com\/ca\/politica-de-privacidad\/\"]}]},{\"@type\":\"BreadcrumbList\",\"@id\":\"https:\/\/galeriacromo.com\/ca\/politica-de-privacidad\/#breadcrumb\",\"itemListElement\":[{\"@type\":\"ListItem\",\"position\":1,\"name\":\"Portada\",\"item\":\"https:\/\/galeriacromo.com\/ca\/\"},{\"@type\":\"ListItem\",\"position\":2,\"name\":\"Pol\u00edtica de privacidad y aviso legal\"}]},{\"@type\":\"WebSite\",\"@id\":\"https:\/\/galeriacromo.com\/ca\/#website\",\"url\":\"https:\/\/galeriacromo.com\/ca\/\",\"name\":\"Galeria Cromo\",\"description\":\"Riera de Sant Miquel, 16 08023 Barcelona\",\"potentialAction\":[{\"@type\":\"SearchAction\",\"target\":{\"@type\":\"EntryPoint\",\"urlTemplate\":\"https:\/\/galeriacromo.com\/ca\/?s={search_term_string}\"},\"query-input\":{\"@type\":\"PropertyValueSpecification\",\"valueRequired\":true,\"valueName\":\"search_term_string\"}}],\"inLanguage\":\"ca\"}]}<\/script>\n<!-- \/ Yoast SEO plugin. -->","yoast_head_json":{"title":"Pol\u00edtica de privacidad y aviso legal - Galeria Cromo","robots":{"index":"index","follow":"follow","max-snippet":"max-snippet:-1","max-image-preview":"max-image-preview:large","max-video-preview":"max-video-preview:-1"},"canonical":"https:\/\/galeriacromo.com\/ca\/politica-de-privacidad\/","og_locale":"ca_ES","og_type":"article","og_title":"Pol\u00edtica de privacidad y aviso legal - Galeria Cromo","og_description":"Pol\u00edtica de privacidad: A trav\u00e9s de este sitio web no se recaban datos de car\u00e1cter personal de los usuarios sin su conocimiento, ni se ceden a terceros. Con la finalidad de ofrecerle el mejor servicio y con el objeto de facilitar el uso, se analizan el n\u00famero de p\u00e1ginas visitadas, el n\u00famero de visitas, as\u00ed [&hellip;]","og_url":"https:\/\/galeriacromo.com\/ca\/politica-de-privacidad\/","og_site_name":"Galeria Cromo","twitter_card":"summary_large_image","twitter_misc":{"Temps estimat de lectura":"4 minuts"},"schema":{"@context":"https:\/\/schema.org","@graph":[{"@type":"WebPage","@id":"https:\/\/galeriacromo.com\/ca\/politica-de-privacidad\/","url":"https:\/\/galeriacromo.com\/ca\/politica-de-privacidad\/","name":"Pol\u00edtica de privacidad y aviso legal - Galeria Cromo","isPartOf":{"@id":"https:\/\/galeriacromo.com\/ca\/#website"},"datePublished":"2018-05-31T08:52:33+00:00","breadcrumb":{"@id":"https:\/\/galeriacromo.com\/ca\/politica-de-privacidad\/#breadcrumb"},"inLanguage":"ca","potentialAction":[{"@type":"ReadAction","target":["https:\/\/galeriacromo.com\/ca\/politica-de-privacidad\/"]}]},{"@type":"BreadcrumbList","@id":"https:\/\/galeriacromo.com\/ca\/politica-de-privacidad\/#breadcrumb","itemListElement":[{"@type":"ListItem","position":1,"name":"Portada","item":"https:\/\/galeriacromo.com\/ca\/"},{"@type":"ListItem","position":2,"name":"Pol\u00edtica de privacidad y aviso legal"}]},{"@type":"WebSite","@id":"https:\/\/galeriacromo.com\/ca\/#website","url":"https:\/\/galeriacromo.com\/ca\/","name":"Galeria Cromo","description":"Riera de Sant Miquel, 16 08023 Barcelona","potentialAction":[{"@type":"SearchAction","target":{"@type":"EntryPoint","urlTemplate":"https:\/\/galeriacromo.com\/ca\/?s={search_term_string}"},"query-input":{"@type":"PropertyValueSpecification","valueRequired":true,"valueName":"search_term_string"}}],"inLanguage":"ca"}]}},"_links":{"self":[{"href":"https:\/\/galeriacromo.com\/ca\/wp-json\/wp\/v2\/pages\/926","targetHints":{"allow":["GET"]}}],"collection":[{"href":"https:\/\/galeriacromo.com\/ca\/wp-json\/wp\/v2\/pages"}],"about":[{"href":"https:\/\/galeriacromo.com\/ca\/wp-json\/wp\/v2\/types\/page"}],"author":[{"embeddable":true,"href":"https:\/\/galeriacromo.com\/ca\/wp-json\/wp\/v2\/users\/1"}],"replies":[{"embeddable":true,"href":"https:\/\/galeriacromo.com\/ca\/wp-json\/wp\/v2\/comments?post=926"}],"version-history":[{"count":0,"href":"https:\/\/galeriacromo.com\/ca\/wp-json\/wp\/v2\/pages\/926\/revisions"}],"wp:attachment":[{"href":"https:\/\/galeriacromo.com\/ca\/wp-json\/wp\/v2\/media?parent=926"}],"curies":[{"name":"wp","href":"https:\/\/api.w.org\/{rel}","templated":true}]}}